{"id":1687,"date":"2017-04-12T19:01:21","date_gmt":"2017-04-12T19:01:21","guid":{"rendered":"http:\/\/www.espiral.com.mx\/es\/?page_id=1687"},"modified":"2019-02-06T19:57:06","modified_gmt":"2019-02-06T19:57:06","slug":"contacto","status":"publish","type":"page","link":"https:\/\/www.espiral.com.mx\/es\/contacto\/","title":{"rendered":"Contacto"},"content":{"rendered":"<div class=\"wpb-content-wrapper\"><p>[vc_row equal_height=&#8221;yes&#8221; content_placement=&#8221;bottom&#8221; css=&#8221;.vc_custom_1533061501733{margin-top: 250px !important;}&#8221;][vc_column][vc_row_inner equal_height=&#8221;yes&#8221; content_placement=&#8221;bottom&#8221; gap=&#8221;25&#8243; css=&#8221;.vc_custom_1533061954714{padding-top: 90px !important;padding-right: 90px !important;padding-bottom: 90px !important;padding-left: 90px !important;background-color: #dbdbdb !important;background-position: center !important;background-repeat: no-repeat !important;background-size: cover !important;}&#8221;][vc_column_inner width=&#8221;1\/2&#8243;][vc_custom_heading text=&#8221;Contacto&#8221; font_container=&#8221;tag:h1|text_align:left|color:%23000000&#8243; use_theme_fonts=&#8221;yes&#8221; fit_bg_text=&#8221;0&#8243;][vc_column_text css=&#8221;.vc_custom_1549483023304{margin-bottom: 70px !important;}&#8221;]<\/p>\n<h2><img decoding=\"async\" class=\"alignnone size-full wp-image-2729\" style=\"font-size: 16px;\" src=\"http:\/\/www.espiral.com.mx\/es\/wp-content\/uploads\/2018\/07\/Logo-Espiral-Black.png\" alt=\"Espiral\" width=\"191\" height=\"60\" \/><\/h2>\n<div id=\":rk\" class=\"ii gt\">\n<div id=\":rj\" class=\"a3s aXjCH \">\n<div dir=\"ltr\">\n<h2><\/h2>\n<div>\n<h2>Direcci\u00f3n y contacto<\/h2>\n<p>Alabama 198,<\/p>\n<\/div>\n<p>Col. N\u00e1poles,<\/p>\n<p>M\u00e9xico D.F.<\/p>\n<\/div>\n<div class=\"adL\"><\/div>\n<\/div>\n<\/div>\n<p>&nbsp;<\/p>\n<p><strong>Consultas generales<\/strong><br \/>\n<a href=\"mailto:correo@espiral.com.mx\" target=\"_blank\" rel=\"noopener\">correo@espiral.com.mx<\/a><\/p>\n<p>&nbsp;<\/p>\n<p>&nbsp;<\/p>\n<p>&nbsp;<\/p>\n<p>[\/vc_column_text][vc_column_text css=&#8221;.vc_custom_1549482892555{margin-bottom: 70px !important;}&#8221;][\/vc_column_text][\/vc_column_inner][vc_column_inner width=&#8221;1\/2&#8243; css=&#8221;.vc_custom_1492024305998{margin-top: 70px !important;margin-bottom: 70px !important;}&#8221;]\n<div class=\"wpcf7 no-js\" id=\"wpcf7-f1556-o1\" lang=\"en-US\" dir=\"ltr\" data-wpcf7-id=\"1556\">\n<div class=\"screen-reader-response\"><p role=\"status\" aria-live=\"polite\" aria-atomic=\"true\"><\/p> <ul><\/ul><\/div>\n<form action=\"\/es\/wp-json\/wp\/v2\/pages\/1687#wpcf7-f1556-o1\" method=\"post\" class=\"wpcf7-form init\" aria-label=\"Contact form\" novalidate=\"novalidate\" data-status=\"init\">\n<div style=\"display: none;\">\n<input type=\"hidden\" name=\"_wpcf7\" value=\"1556\" \/>\n<input type=\"hidden\" name=\"_wpcf7_version\" value=\"6.0.6\" \/>\n<input type=\"hidden\" name=\"_wpcf7_locale\" value=\"en_US\" \/>\n<input type=\"hidden\" name=\"_wpcf7_unit_tag\" value=\"wpcf7-f1556-o1\" \/>\n<input type=\"hidden\" name=\"_wpcf7_container_post\" value=\"0\" \/>\n<input type=\"hidden\" name=\"_wpcf7_posted_data_hash\" value=\"\" \/>\n<\/div>\n<p><label> Tu nombre (requerido)<br \/>\n<span class=\"wpcf7-form-control-wrap\" data-name=\"your-name\"><input size=\"40\" maxlength=\"400\" class=\"wpcf7-form-control wpcf7-text wpcf7-validates-as-required\" aria-required=\"true\" aria-invalid=\"false\" value=\"\" type=\"text\" name=\"your-name\" \/><\/span> <\/label>\n<\/p>\n<p><label> Correo electr\u00f3nico (requerido)<br \/>\n<span class=\"wpcf7-form-control-wrap\" data-name=\"your-email\"><input size=\"40\" maxlength=\"400\" class=\"wpcf7-form-control wpcf7-email wpcf7-validates-as-required wpcf7-text wpcf7-validates-as-email\" aria-required=\"true\" aria-invalid=\"false\" value=\"\" type=\"email\" name=\"your-email\" \/><\/span> <\/label>\n<\/p>\n<p><label> T\u00edtulo<br \/>\n<span class=\"wpcf7-form-control-wrap\" data-name=\"your-subject\"><input size=\"40\" maxlength=\"400\" class=\"wpcf7-form-control wpcf7-text\" aria-invalid=\"false\" value=\"\" type=\"text\" name=\"your-subject\" \/><\/span> <\/label>\n<\/p>\n<p><label> Mensaje<br \/>\n<span class=\"wpcf7-form-control-wrap\" data-name=\"your-message\"><textarea cols=\"40\" rows=\"10\" maxlength=\"2000\" class=\"wpcf7-form-control wpcf7-textarea\" aria-invalid=\"false\" name=\"your-message\"><\/textarea><\/span> <\/label>\n<\/p>\n<p><input class=\"wpcf7-form-control wpcf7-submit has-spinner\" type=\"submit\" value=\"Enviar\" \/>\n<\/p><div class=\"wpcf7-response-output\" aria-hidden=\"true\"><\/div>\n<\/form>\n<\/div>\n[\/vc_column_inner][\/vc_row_inner][\/vc_column][\/vc_row]<\/p>\n<\/div>","protected":false},"excerpt":{"rendered":"<p>[vc_row equal_height=&#8221;yes&#8221; content_placement=&#8221;bottom&#8221; css=&#8221;.vc_custom_1533061501733{margin-top: 250px !important;}&#8221;][vc_column][vc_row_inner equal_height=&#8221;yes&#8221; content_placement=&#8221;bottom&#8221; gap=&#8221;25&#8243; css=&#8221;.vc_custom_1533061954714{padding-top: 90px !important;padding-right: 90px !important;padding-bottom: 90px !important;padding-left: 90px !important;background-color: #dbdbdb !important;background-position: center !important;background-repeat: no-repeat !important;background-size: cover !important;}&#8221;][vc_column_inner width=&#8221;1\/2&#8243;][vc_custom_heading text=&#8221;Contacto&#8221; font_container=&#8221;tag:h1|text_align:left|color:%23000000&#8243; use_theme_fonts=&#8221;yes&#8221; fit_bg_text=&#8221;0&#8243;][vc_column_text css=&#8221;.vc_custom_1549483023304{margin-bottom: 70px !important;}&#8221;] Direcci\u00f3n y contacto Alabama 198, Col. N\u00e1poles, M\u00e9xico D.F. &nbsp; Consultas generales correo@espiral.com.mx &nbsp; &nbsp; &nbsp; [\/vc_column_text][vc_column_text css=&#8221;.vc_custom_1549482892555{margin-bottom: 70px !important;}&#8221;][\/vc_column_text][\/vc_column_inner][vc_column_inner width=&#8221;1\/2&#8243; css=&#8221;.vc_custom_1492024305998{margin-top: 70px !important;margin-bottom: 70px !important;}&#8221;][\/vc_column_inner][\/vc_row_inner][\/vc_column][\/vc_row]<\/p>\n","protected":false},"author":1,"featured_media":0,"parent":0,"menu_order":0,"comment_status":"closed","ping_status":"closed","template":"","meta":{"inline_featured_image":false,"footnotes":""},"class_list":["post-1687","page","type-page","status-publish","hentry"],"_links":{"self":[{"href":"https:\/\/www.espiral.com.mx\/es\/wp-json\/wp\/v2\/pages\/1687","targetHints":{"allow":["GET"]}}],"collection":[{"href":"https:\/\/www.espiral.com.mx\/es\/wp-json\/wp\/v2\/pages"}],"about":[{"href":"https:\/\/www.espiral.com.mx\/es\/wp-json\/wp\/v2\/types\/page"}],"author":[{"embeddable":true,"href":"https:\/\/www.espiral.com.mx\/es\/wp-json\/wp\/v2\/users\/1"}],"replies":[{"embeddable":true,"href":"https:\/\/www.espiral.com.mx\/es\/wp-json\/wp\/v2\/comments?post=1687"}],"version-history":[{"count":26,"href":"https:\/\/www.espiral.com.mx\/es\/wp-json\/wp\/v2\/pages\/1687\/revisions"}],"predecessor-version":[{"id":3430,"href":"https:\/\/www.espiral.com.mx\/es\/wp-json\/wp\/v2\/pages\/1687\/revisions\/3430"}],"wp:attachment":[{"href":"https:\/\/www.espiral.com.mx\/es\/wp-json\/wp\/v2\/media?parent=1687"}],"curies":[{"name":"wp","href":"https:\/\/api.w.org\/{rel}","templated":true}]}}